{"id":171,"date":"2026-04-01T20:48:27","date_gmt":"2026-04-01T18:48:27","guid":{"rendered":"http:\/\/pharmaevolution.eu\/?page_id=171"},"modified":"2026-04-14T10:01:12","modified_gmt":"2026-04-14T08:01:12","slug":"about-us","status":"publish","type":"page","link":"https:\/\/pharmaevolution.eu\/pl\/about-us\/","title":{"rendered":"O NAS"},"content":{"rendered":"<div data-elementor-type=\"wp-page\" data-elementor-id=\"171\" class=\"elementor elementor-171\">\n\t\t\t\t<div class=\"elementor-element elementor-element-9f99748 elementor-hidden-mobile e-flex e-con-boxed e-con e-parent\" data-id=\"9f99748\" data-element_type=\"container\" data-e-type=\"container\">\n\t\t\t\t\t<div class=\"e-con-inner\">\n\t\t\t\t<div class=\"elementor-element elementor-element-57b2526 elementor-hidden-mobile elementor-widget elementor-widget-spacer\" data-id=\"57b2526\" data-element_type=\"widget\" data-e-type=\"widget\" data-widget_type=\"spacer.default\">\n\t\t\t\t\t\t\t<div class=\"elementor-spacer\">\n\t\t\t<div class=\"elementor-spacer-inner\"><\/div>\n\t\t<\/div>\n\t\t\t\t\t\t<\/div>\n\t\t\t\t\t<\/div>\n\t\t\t\t<\/div>\n\t\t<div class=\"elementor-element elementor-element-cfe66a2 e-flex e-con-boxed e-con e-parent\" data-id=\"cfe66a2\" data-element_type=\"container\" data-e-type=\"container\">\n\t\t\t\t\t<div class=\"e-con-inner\">\n\t\t<div class=\"elementor-element elementor-element-17ca058 e-con-full e-flex e-con e-child\" data-id=\"17ca058\" data-element_type=\"container\" data-e-type=\"container\">\n\t\t\t\t<div class=\"elementor-element elementor-element-4cbf3e7 elementor-widget elementor-widget-heading\" data-id=\"4cbf3e7\" data-element_type=\"widget\" data-e-type=\"widget\" data-widget_type=\"heading.default\">\n\t\t\t\t\t<h2 class=\"elementor-heading-title elementor-size-default\">O Pharma Evolution<\/h2>\t\t\t\t<\/div>\n\t\t\t\t<div class=\"elementor-element elementor-element-c82407b elementor-widget elementor-widget-text-editor\" data-id=\"c82407b\" data-element_type=\"widget\" data-e-type=\"widget\" data-widget_type=\"text-editor.default\">\n\t\t\t\t\t\t\t\t\t<p>Pharma Evolution jest cz\u0119\u015bci\u0105 UAB Evolution Investment Capital \u2013 grupy skoncentrowanej na rynku suplement\u00f3w diety i bran\u017cy wellness. Z zak\u0142adem produkcyjnym zlokalizowanym w Polsce, pod Warszaw\u0105, specjalizujemy si\u0119 w produkcji wysokiej jako\u015bci suplement\u00f3w w formie \u017celek dla nowoczesnych marek z ca\u0142ej Europy i \u015bwiata.<\/p>\t\t\t\t\t\t\t\t<\/div>\n\t\t\t\t<\/div>\n\t\t<div class=\"elementor-element elementor-element-6449e1b e-con-full e-flex e-con e-child\" data-id=\"6449e1b\" data-element_type=\"container\" data-e-type=\"container\">\n\t\t\t\t<div class=\"elementor-element elementor-element-f06e970 elementor-widget elementor-widget-video\" data-id=\"f06e970\" data-element_type=\"widget\" data-e-type=\"widget\" data-settings=\"{&quot;video_type&quot;:&quot;hosted&quot;,&quot;autoplay&quot;:&quot;yes&quot;,&quot;mute&quot;:&quot;yes&quot;,&quot;loop&quot;:&quot;yes&quot;}\" data-widget_type=\"video.default\">\n\t\t\t\t\t\t\t<div class=\"e-hosted-video elementor-wrapper elementor-open-inline\">\n\t\t\t\t\t<video class=\"elementor-video\" src=\"http:\/\/pharmaevolution.eu\/wp-content\/uploads\/2026\/04\/bez-nazwy_1.mp4\" autoplay=\"\" loop=\"\" muted=\"muted\" controlslist=\"nodownload\"><\/video>\n\t\t\t\t<\/div>\n\t\t\t\t\t\t<\/div>\n\t\t\t\t<\/div>\n\t\t\t\t\t<\/div>\n\t\t\t\t<\/div>\n\t\t<div class=\"elementor-element elementor-element-0593a78 elementor-hidden-mobile e-flex e-con-boxed e-con e-parent\" data-id=\"0593a78\" data-element_type=\"container\" data-e-type=\"container\">\n\t\t\t\t\t<div class=\"e-con-inner\">\n\t\t\t\t<div class=\"elementor-element elementor-element-f10b2ae elementor-widget elementor-widget-spacer\" data-id=\"f10b2ae\" data-element_type=\"widget\" data-e-type=\"widget\" data-widget_type=\"spacer.default\">\n\t\t\t\t\t\t\t<div class=\"elementor-spacer\">\n\t\t\t<div class=\"elementor-spacer-inner\"><\/div>\n\t\t<\/div>\n\t\t\t\t\t\t<\/div>\n\t\t\t\t\t<\/div>\n\t\t\t\t<\/div>\n\t\t<div class=\"elementor-element elementor-element-a8cf733 e-con-full e-flex e-con e-parent\" data-id=\"a8cf733\" data-element_type=\"container\" data-e-type=\"container\" data-settings=\"{&quot;background_background&quot;:&quot;classic&quot;}\">\n\t\t<div class=\"elementor-element elementor-element-b9b2d04 e-con-full e-flex e-con e-child\" data-id=\"b9b2d04\" data-element_type=\"container\" data-e-type=\"container\">\n\t\t\t\t<div class=\"elementor-element elementor-element-68fa083 elementor-widget elementor-widget-heading\" data-id=\"68fa083\" data-element_type=\"widget\" data-e-type=\"widget\" data-widget_type=\"heading.default\">\n\t\t\t\t\t<h6 class=\"elementor-heading-title elementor-size-default\">Wyprodukowano w UE<\/h6>\t\t\t\t<\/div>\n\t\t\t\t<\/div>\n\t\t<div class=\"elementor-element elementor-element-bb0a7c0 e-con-full e-flex e-con e-child\" data-id=\"bb0a7c0\" data-element_type=\"container\" data-e-type=\"container\">\n\t\t\t\t<div class=\"elementor-element elementor-element-5219d87 elementor-widget elementor-widget-heading\" data-id=\"5219d87\" data-element_type=\"widget\" data-e-type=\"widget\" data-widget_type=\"heading.default\">\n\t\t\t\t\t<h6 class=\"elementor-heading-title elementor-size-default\">Przyst\u0119pne MOQ<\/h6>\t\t\t\t<\/div>\n\t\t\t\t<\/div>\n\t\t<div class=\"elementor-element elementor-element-08264f0 e-con-full e-flex e-con e-child\" data-id=\"08264f0\" data-element_type=\"container\" data-e-type=\"container\">\n\t\t\t\t<div class=\"elementor-element elementor-element-c30ff72 elementor-widget elementor-widget-heading\" data-id=\"c30ff72\" data-element_type=\"widget\" data-e-type=\"widget\" data-widget_type=\"heading.default\">\n\t\t\t\t\t<h6 class=\"elementor-heading-title elementor-size-default\">Szybkie Terminy Realizacji<\/h6>\t\t\t\t<\/div>\n\t\t\t\t<\/div>\n\t\t<div class=\"elementor-element elementor-element-1b9acc9 e-con-full e-flex e-con e-child\" data-id=\"1b9acc9\" data-element_type=\"container\" data-e-type=\"container\">\n\t\t\t\t<div class=\"elementor-element elementor-element-be0dda8 elementor-widget elementor-widget-heading\" data-id=\"be0dda8\" data-element_type=\"widget\" data-e-type=\"widget\" data-widget_type=\"heading.default\">\n\t\t\t\t\t<h6 class=\"elementor-heading-title elementor-size-default\">Pe\u0142na Obs\u0142uga Produkcyjna<\/h6>\t\t\t\t<\/div>\n\t\t\t\t<\/div>\n\t\t\t\t<\/div>\n\t\t<div class=\"elementor-element elementor-element-38d1530 elementor-hidden-mobile e-flex e-con-boxed e-con e-parent\" data-id=\"38d1530\" data-element_type=\"container\" data-e-type=\"container\">\n\t\t\t\t\t<div class=\"e-con-inner\">\n\t\t\t\t<div class=\"elementor-element elementor-element-069696f elementor-widget elementor-widget-spacer\" data-id=\"069696f\" data-element_type=\"widget\" data-e-type=\"widget\" data-widget_type=\"spacer.default\">\n\t\t\t\t\t\t\t<div class=\"elementor-spacer\">\n\t\t\t<div class=\"elementor-spacer-inner\"><\/div>\n\t\t<\/div>\n\t\t\t\t\t\t<\/div>\n\t\t\t\t\t<\/div>\n\t\t\t\t<\/div>\n\t\t<div class=\"elementor-element elementor-element-53526f1 e-flex e-con-boxed e-con e-parent\" data-id=\"53526f1\" data-element_type=\"container\" data-e-type=\"container\">\n\t\t\t\t\t<div class=\"e-con-inner\">\n\t\t<div class=\"elementor-element elementor-element-f273e3c e-con-full e-flex e-con e-child\" data-id=\"f273e3c\" data-element_type=\"container\" data-e-type=\"container\">\n\t\t\t\t<div class=\"elementor-element elementor-element-04b5d93 elementor-widget elementor-widget-image\" data-id=\"04b5d93\" data-element_type=\"widget\" data-e-type=\"widget\" data-widget_type=\"image.default\">\n\t\t\t\t\t\t\t\t\t\t\t\t\t\t\t<img fetchpriority=\"high\" decoding=\"async\" width=\"1024\" height=\"827\" src=\"https:\/\/pharmaevolution.eu\/wp-content\/uploads\/2026\/04\/pexels-tara-winstead-7722604-scaled-e1775809684370-1024x827.jpg\" class=\"attachment-large size-large wp-image-309\" alt=\"\" srcset=\"https:\/\/pharmaevolution.eu\/wp-content\/uploads\/2026\/04\/pexels-tara-winstead-7722604-scaled-e1775809684370-1024x827.jpg 1024w, https:\/\/pharmaevolution.eu\/wp-content\/uploads\/2026\/04\/pexels-tara-winstead-7722604-scaled-e1775809684370-300x242.jpg 300w, https:\/\/pharmaevolution.eu\/wp-content\/uploads\/2026\/04\/pexels-tara-winstead-7722604-scaled-e1775809684370-768x620.jpg 768w, https:\/\/pharmaevolution.eu\/wp-content\/uploads\/2026\/04\/pexels-tara-winstead-7722604-scaled-e1775809684370-1536x1240.jpg 1536w, https:\/\/pharmaevolution.eu\/wp-content\/uploads\/2026\/04\/pexels-tara-winstead-7722604-scaled-e1775809684370-15x12.jpg 15w, https:\/\/pharmaevolution.eu\/wp-content\/uploads\/2026\/04\/pexels-tara-winstead-7722604-scaled-e1775809684370.jpg 1707w\" sizes=\"(max-width: 1024px) 100vw, 1024px\" \/>\t\t\t\t\t\t\t\t\t\t\t\t\t\t\t<\/div>\n\t\t\t\t<\/div>\n\t\t<div class=\"elementor-element elementor-element-81d7ca4 e-con-full e-flex e-con e-child\" data-id=\"81d7ca4\" data-element_type=\"container\" data-e-type=\"container\">\n\t\t\t\t<div class=\"elementor-element elementor-element-4df9b9b elementor-widget elementor-widget-heading\" data-id=\"4df9b9b\" data-element_type=\"widget\" data-e-type=\"widget\" data-widget_type=\"heading.default\">\n\t\t\t\t\t<h2 class=\"elementor-heading-title elementor-size-default\">Elastyczne, Wysokiej Jako\u015bci Formu\u0142y i Podej\u015bcie Clean Label<\/h2>\t\t\t\t<\/div>\n\t\t\t\t<div class=\"elementor-element elementor-element-4e0d53b elementor-widget elementor-widget-text-editor\" data-id=\"4e0d53b\" data-element_type=\"widget\" data-e-type=\"widget\" data-widget_type=\"text-editor.default\">\n\t\t\t\t\t\t\t\t\t<p>Koncentrujemy si\u0119 na prostych formu\u0142ach opartych na starannie dobranych sk\u0142adnikach.<br \/>Tam, gdzie to mo\u017cliwe, stosujemy naturalne barwniki, aromaty oraz alternatywne systemy s\u0142odzenia, ograniczaj\u0105c zb\u0119dne dodatki przy jednoczesnym zachowaniu stabilno\u015bci i smaku produktu.<\/p>\t\t\t\t\t\t\t\t<\/div>\n\t\t\t\t<\/div>\n\t\t\t\t\t<\/div>\n\t\t\t\t<\/div>\n\t\t<div class=\"elementor-element elementor-element-2bc094d elementor-hidden-mobile e-flex e-con-boxed e-con e-parent\" data-id=\"2bc094d\" data-element_type=\"container\" data-e-type=\"container\">\n\t\t\t\t\t<div class=\"e-con-inner\">\n\t\t\t\t<div class=\"elementor-element elementor-element-07d6b7c elementor-widget elementor-widget-spacer\" data-id=\"07d6b7c\" data-element_type=\"widget\" data-e-type=\"widget\" data-widget_type=\"spacer.default\">\n\t\t\t\t\t\t\t<div class=\"elementor-spacer\">\n\t\t\t<div class=\"elementor-spacer-inner\"><\/div>\n\t\t<\/div>\n\t\t\t\t\t\t<\/div>\n\t\t\t\t\t<\/div>\n\t\t\t\t<\/div>\n\t\t<div class=\"elementor-element elementor-element-abbf082 e-flex e-con-boxed e-con e-parent\" data-id=\"abbf082\" data-element_type=\"container\" data-e-type=\"container\">\n\t\t\t\t\t<div class=\"e-con-inner\">\n\t\t<div class=\"elementor-element elementor-element-a79567e e-con-full e-flex e-con e-child\" data-id=\"a79567e\" data-element_type=\"container\" data-e-type=\"container\">\n\t\t\t\t<div class=\"elementor-element elementor-element-6a1f81e elementor-widget elementor-widget-heading\" data-id=\"6a1f81e\" data-element_type=\"widget\" data-e-type=\"widget\" data-widget_type=\"heading.default\">\n\t\t\t\t\t<h2 class=\"elementor-heading-title elementor-size-default\">Mo\u017cliwo\u015bci produkcyjne:<\/h2>\t\t\t\t<\/div>\n\t\t\t\t<div class=\"elementor-element elementor-element-f3f856e elementor-widget elementor-widget-text-editor\" data-id=\"f3f856e\" data-element_type=\"widget\" data-e-type=\"widget\" data-widget_type=\"text-editor.default\">\n\t\t\t\t\t\t\t\t\t<ul><li>\u017belki na bazie \u017celatyny oraz wega\u0144skiej pektyny<\/li><li>Formu\u0142y bez cukru z wykorzystaniem FOS i syropu z tapioki<\/li><li>Formu\u0142y clean label o prostym, czytelnym sk\u0142adzie<\/li><li>Naturalne barwniki i aromaty<\/li><li>Formu\u0142y przyjazne alergikom (bez glutenu, bez laktozy)<\/li><\/ul>\t\t\t\t\t\t\t\t<\/div>\n\t\t\t\t<\/div>\n\t\t<div class=\"elementor-element elementor-element-3349487 e-con-full e-flex e-con e-child\" data-id=\"3349487\" data-element_type=\"container\" data-e-type=\"container\">\n\t\t\t\t<div class=\"elementor-element elementor-element-24aefe8 elementor-widget elementor-widget-video\" data-id=\"24aefe8\" data-element_type=\"widget\" data-e-type=\"widget\" data-settings=\"{&quot;video_type&quot;:&quot;hosted&quot;,&quot;mute&quot;:&quot;yes&quot;,&quot;loop&quot;:&quot;yes&quot;,&quot;autoplay&quot;:&quot;yes&quot;}\" data-widget_type=\"video.default\">\n\t\t\t\t\t\t\t<div class=\"e-hosted-video elementor-wrapper elementor-open-inline\">\n\t\t\t\t\t<video class=\"elementor-video\" src=\"http:\/\/pharmaevolution.eu\/wp-content\/uploads\/2026\/04\/bez-nazwy.mp4\" autoplay=\"\" loop=\"\" muted=\"muted\" controlslist=\"nodownload\"><\/video>\n\t\t\t\t<\/div>\n\t\t\t\t\t\t<\/div>\n\t\t\t\t<\/div>\n\t\t\t\t\t<\/div>\n\t\t\t\t<\/div>\n\t\t\t\t<\/div>","protected":false},"excerpt":{"rendered":"<p>About Pharma Evolution Pharma Evolution is part of UAB Evolution Investment Capital, a group focused on the dietary supplements and wellness market. With production located in Poland, near Warsaw, we specialize in high-quality gummy supplements for modern brands across Europe and beyond. http:\/\/pharmaevolution.eu\/wp-content\/uploads\/2026\/04\/bez-nazwy_1.mp4 Made in EU Approachable MOQ Fast Lead Time Full-Service Manufacturing Flexible, High-Quality [&hellip;]<\/p>\n","protected":false},"author":1,"featured_media":0,"parent":0,"menu_order":0,"comment_status":"closed","ping_status":"closed","template":"elementor_header_footer","meta":{"footnotes":""},"class_list":["post-171","page","type-page","status-publish","hentry","entry"],"_links":{"self":[{"href":"https:\/\/pharmaevolution.eu\/pl\/wp-json\/wp\/v2\/pages\/171","targetHints":{"allow":["GET"]}}],"collection":[{"href":"https:\/\/pharmaevolution.eu\/pl\/wp-json\/wp\/v2\/pages"}],"about":[{"href":"https:\/\/pharmaevolution.eu\/pl\/wp-json\/wp\/v2\/types\/page"}],"author":[{"embeddable":true,"href":"https:\/\/pharmaevolution.eu\/pl\/wp-json\/wp\/v2\/users\/1"}],"replies":[{"embeddable":true,"href":"https:\/\/pharmaevolution.eu\/pl\/wp-json\/wp\/v2\/comments?post=171"}],"version-history":[{"count":73,"href":"https:\/\/pharmaevolution.eu\/pl\/wp-json\/wp\/v2\/pages\/171\/revisions"}],"predecessor-version":[{"id":769,"href":"https:\/\/pharmaevolution.eu\/pl\/wp-json\/wp\/v2\/pages\/171\/revisions\/769"}],"wp:attachment":[{"href":"https:\/\/pharmaevolution.eu\/pl\/wp-json\/wp\/v2\/media?parent=171"}],"curies":[{"name":"wp","href":"https:\/\/api.w.org\/{rel}","templated":true}]}}