{"id":201,"date":"2026-04-02T12:23:07","date_gmt":"2026-04-02T10:23:07","guid":{"rendered":"http:\/\/pharmaevolution.eu\/?page_id=201"},"modified":"2026-04-14T07:28:07","modified_gmt":"2026-04-14T05:28:07","slug":"contact","status":"publish","type":"page","link":"https:\/\/pharmaevolution.eu\/pl\/contact\/","title":{"rendered":"KONTAKT"},"content":{"rendered":"\t\t<div data-elementor-type=\"wp-page\" data-elementor-id=\"201\" class=\"elementor elementor-201\">\n\t\t\t\t<div class=\"elementor-element elementor-element-8ecaff6 e-flex e-con-boxed e-con e-parent\" data-id=\"8ecaff6\" data-element_type=\"container\" data-e-type=\"container\">\n\t\t\t\t\t<div class=\"e-con-inner\">\n\t\t\t\t<div class=\"elementor-element elementor-element-34154ae elementor-widget elementor-widget-wpforms\" data-id=\"34154ae\" data-element_type=\"widget\" data-e-type=\"widget\" data-widget_type=\"wpforms.default\">\n\t\t\t\t<div class=\"elementor-widget-container\">\n\t\t\t\t\t<style id=\"wpforms-css-vars-elementor-widget-34154ae\">\n\t\t\t\t.elementor-widget-wpforms.elementor-element-34154ae {\n\t\t\t\t--wpforms-button-background-color: #227376;\n\t\t\t}\n\t\t\t<\/style><div class=\"wpforms-container wpforms-container-full wpforms-render-modern\" id=\"wpforms-247\"><form id=\"wpforms-form-247\" class=\"wpforms-validate wpforms-form wpforms-ajax-form\" data-formid=\"247\" method=\"post\" enctype=\"multipart\/form-data\" action=\"\/pl\/wp-json\/wp\/v2\/pages\/201\" data-token=\"45315648b9a21e04a1fa34709e9b0893\" data-token-time=\"1778437193\"><noscript class=\"wpforms-error-noscript\">Aby wype\u0142ni\u0107 ten formularz, w\u0142\u0105cz obs\u0142ug\u0119 JavaScript w przegl\u0105darce.<\/noscript><div id=\"wpforms-error-noscript\" style=\"display: none;\">Aby wype\u0142ni\u0107 ten formularz, w\u0142\u0105cz obs\u0142ug\u0119 JavaScript w przegl\u0105darce.<\/div><div class=\"wpforms-field-container\"><div id=\"wpforms-247-field_2-container\" class=\"wpforms-field wpforms-field-email\" data-field-id=\"2\"><label class=\"wpforms-field-label\" for=\"wpforms-247-field_2\">Email Address <span class=\"wpforms-required-label\" aria-hidden=\"true\">*<\/span><\/label><input type=\"email\" id=\"wpforms-247-field_2\" class=\"wpforms-field-medium wpforms-field-required\" name=\"wpforms[fields][2]\" spellcheck=\"false\" aria-errormessage=\"wpforms-247-field_2-error\" required><\/div>\t\t<div id=\"wpforms-247-field_1-container\"\n\t\t\tclass=\"wpforms-field wpforms-field-text\"\n\t\t\tdata-field-type=\"text\"\n\t\t\tdata-field-id=\"1\"\n\t\t\t>\n\t\t\t<label class=\"wpforms-field-label\" for=\"wpforms-247-field_1\" >Cooperation Email Details<\/label>\n\t\t\t<input type=\"text\" id=\"wpforms-247-field_1\" class=\"wpforms-field-medium\" name=\"wpforms[fields][1]\" >\n\t\t<\/div>\n\t\t<div id=\"wpforms-247-field_5-container\" class=\"wpforms-field wpforms-field-radio wpforms-list-inline\" data-field-id=\"5\"><fieldset><legend class=\"wpforms-field-label\">Cooperation Type<\/legend><ul id=\"wpforms-247-field_5\"><li class=\"choice-1 depth-1\"><input type=\"radio\" id=\"wpforms-247-field_5_1\" name=\"wpforms[fields][5]\" value=\"Ready Formulations\" aria-errormessage=\"wpforms-247-field_5_1-error\"  ><label class=\"wpforms-field-label-inline\" for=\"wpforms-247-field_5_1\">Ready Formulations<\/label><\/li><li class=\"choice-2 depth-1\"><input type=\"radio\" id=\"wpforms-247-field_5_2\" name=\"wpforms[fields][5]\" value=\"Private Label\" aria-errormessage=\"wpforms-247-field_5_2-error\"  ><label class=\"wpforms-field-label-inline\" for=\"wpforms-247-field_5_2\">Private Label<\/label><\/li><li class=\"choice-3 depth-1\"><input type=\"radio\" id=\"wpforms-247-field_5_3\" name=\"wpforms[fields][5]\" value=\"Custom Formulation\" aria-errormessage=\"wpforms-247-field_5_3-error\"  ><label class=\"wpforms-field-label-inline\" for=\"wpforms-247-field_5_3\">Custom Formulation<\/label><\/li><li class=\"choice-4 depth-1\"><input type=\"radio\" id=\"wpforms-247-field_5_4\" name=\"wpforms[fields][5]\" value=\"Other\" aria-errormessage=\"wpforms-247-field_5_4-error\"  ><label class=\"wpforms-field-label-inline\" for=\"wpforms-247-field_5_4\">Other<\/label><\/li><\/ul><\/fieldset><\/div><div id=\"wpforms-247-field_3-container\" class=\"wpforms-field wpforms-field-textarea\" data-field-id=\"3\"><label class=\"wpforms-field-label\" for=\"wpforms-247-field_3\">Inquiry Details<\/label><textarea id=\"wpforms-247-field_3\" class=\"wpforms-field-medium\" name=\"wpforms[fields][3]\" aria-errormessage=\"wpforms-247-field_3-error\" ><\/textarea><\/div><script>\n\t\t\t\t( function() {\n\t\t\t\t\tconst style = document.createElement( 'style' );\n\t\t\t\t\tstyle.appendChild( document.createTextNode( '#wpforms-247-field_1-container { position: absolute !important; overflow: hidden !important; display: inline !important; height: 1px !important; width: 1px !important; z-index: -1000 !important; padding: 0 !important; } #wpforms-247-field_1-container input { visibility: hidden; } #wpforms-conversational-form-page #wpforms-247-field_1-container label { counter-increment: none; }' ) );\n\t\t\t\t\tdocument.head.appendChild( style );\n\t\t\t\t\tdocument.currentScript?.remove();\n\t\t\t\t} )();\n\t\t\t<\/script><\/div><!-- .wpforms-field-container --><div class=\"wpforms-submit-container\" ><input type=\"hidden\" name=\"wpforms[id]\" value=\"247\"><input type=\"hidden\" name=\"page_title\" value=\"\"><input type=\"hidden\" name=\"page_url\" value=\"https:\/\/pharmaevolution.eu\/pl\/wp-json\/wp\/v2\/pages\/201\"><input type=\"hidden\" name=\"url_referer\" value=\"\"><button type=\"submit\" name=\"wpforms[submit]\" id=\"wpforms-submit-247\" class=\"wpforms-submit\" data-alt-text=\"Wysy\u0142anie...\" data-submit-text=\"Submit\" aria-live=\"assertive\" value=\"wpforms-submit\">Submit<\/button><img decoding=\"async\" src=\"https:\/\/pharmaevolution.eu\/wp-content\/plugins\/wpforms-lite\/assets\/images\/submit-spin.svg\" class=\"wpforms-submit-spinner\" style=\"display: none;\" width=\"26\" height=\"26\" alt=\"Wczytywanie\"><\/div><\/form><\/div>  <!-- .wpforms-container -->\t\t\t\t<\/div>\n\t\t\t\t<\/div>\n\t\t\t\t\t<\/div>\n\t\t\t\t<\/div>\n\t\t\t\t<\/div>\n\t\t","protected":false},"excerpt":{"rendered":"<p>Aby wype\u0142ni\u0107 ten formularz, w\u0142\u0105cz obs\u0142ug\u0119 JavaScript w przegl\u0105darce.Aby wype\u0142ni\u0107 ten formularz, w\u0142\u0105cz obs\u0142ug\u0119 JavaScript w przegl\u0105darce.Email Address * Cooperation Type Ready Formulations Private Label Custom Formulation Other Inquiry Details Submit<\/p>","protected":false},"author":1,"featured_media":0,"parent":0,"menu_order":0,"comment_status":"closed","ping_status":"closed","template":"elementor_header_footer","meta":{"footnotes":""},"class_list":["post-201","page","type-page","status-publish","hentry","entry"],"_links":{"self":[{"href":"https:\/\/pharmaevolution.eu\/pl\/wp-json\/wp\/v2\/pages\/201","targetHints":{"allow":["GET"]}}],"collection":[{"href":"https:\/\/pharmaevolution.eu\/pl\/wp-json\/wp\/v2\/pages"}],"about":[{"href":"https:\/\/pharmaevolution.eu\/pl\/wp-json\/wp\/v2\/types\/page"}],"author":[{"embeddable":true,"href":"https:\/\/pharmaevolution.eu\/pl\/wp-json\/wp\/v2\/users\/1"}],"replies":[{"embeddable":true,"href":"https:\/\/pharmaevolution.eu\/pl\/wp-json\/wp\/v2\/comments?post=201"}],"version-history":[{"count":13,"href":"https:\/\/pharmaevolution.eu\/pl\/wp-json\/wp\/v2\/pages\/201\/revisions"}],"predecessor-version":[{"id":614,"href":"https:\/\/pharmaevolution.eu\/pl\/wp-json\/wp\/v2\/pages\/201\/revisions\/614"}],"wp:attachment":[{"href":"https:\/\/pharmaevolution.eu\/pl\/wp-json\/wp\/v2\/media?parent=201"}],"curies":[{"name":"wp","href":"https:\/\/api.w.org\/{rel}","templated":true}]}}