{"id":620,"date":"2026-04-13T20:12:46","date_gmt":"2026-04-13T18:12:46","guid":{"rendered":"https:\/\/pharmaevolution.eu\/?page_id=620"},"modified":"2026-04-14T08:16:18","modified_gmt":"2026-04-14T06:16:18","slug":"white-label","status":"publish","type":"page","link":"https:\/\/pharmaevolution.eu\/pl\/white-label\/","title":{"rendered":"Bia\u0142a Etykieta"},"content":{"rendered":"<div data-elementor-type=\"wp-page\" data-elementor-id=\"620\" class=\"elementor elementor-620\">\n\t\t\t\t<div class=\"elementor-element elementor-element-fff6b87 e-flex e-con-boxed e-con e-parent\" data-id=\"fff6b87\" data-element_type=\"container\" data-e-type=\"container\">\n\t\t\t\t\t<div class=\"e-con-inner\">\n\t\t\t\t<div class=\"elementor-element elementor-element-a7b29e1 elementor-widget elementor-widget-spacer\" data-id=\"a7b29e1\" data-element_type=\"widget\" data-e-type=\"widget\" data-widget_type=\"spacer.default\">\n\t\t\t\t\t\t\t<div class=\"elementor-spacer\">\n\t\t\t<div class=\"elementor-spacer-inner\"><\/div>\n\t\t<\/div>\n\t\t\t\t\t\t<\/div>\n\t\t\t\t\t<\/div>\n\t\t\t\t<\/div>\n\t\t<div class=\"elementor-element elementor-element-2c10ad9 e-flex e-con-boxed elementor-invisible e-con e-parent\" data-id=\"2c10ad9\" data-element_type=\"container\" data-e-type=\"container\" data-settings=\"{&quot;animation&quot;:&quot;fadeIn&quot;}\">\n\t\t\t\t\t<div class=\"e-con-inner\">\n\t\t\t\t<div class=\"elementor-element elementor-element-02396b2 elementor-widget elementor-widget-heading\" data-id=\"02396b2\" data-element_type=\"widget\" data-e-type=\"widget\" data-widget_type=\"heading.default\">\n\t\t\t\t\t<h2 class=\"elementor-heading-title elementor-size-default\">BIA\u0141A ETYKIETA<\/h2>\t\t\t\t<\/div>\n\t\t\t\t<div class=\"elementor-element elementor-element-50c21a6 elementor-widget elementor-widget-text-editor\" data-id=\"50c21a6\" data-element_type=\"widget\" data-e-type=\"widget\" data-widget_type=\"text-editor.default\">\n\t\t\t\t\t\t\t\t\t<p>Zacznij szybko dzi\u0119ki sprawdzonym, gotowym recepturom w kluczowych kategoriach, takich jak uroda, produkty dla dzieci i wellness. To najszybsza droga do wprowadzenia produktu na rynek, bez konieczno\u015bci prowadzenia bada\u0144 R&amp;D czy skomplikowanych proces\u00f3w rozwojowych. My zajmujemy si\u0119 opracowaniem sk\u0142adu, produkcj\u0105 oraz kontrol\u0105 jako\u015bci, aby\u015b Ty m\u00f3g\u0142 skupi\u0107 si\u0119 na budowaniu marki i sprzeda\u017cy swojego produktu.<\/p>\t\t\t\t\t\t\t\t<\/div>\n\t\t\t\t\t<\/div>\n\t\t\t\t<\/div>\n\t\t<div class=\"elementor-element elementor-element-6d75c46 e-flex e-con-boxed e-con e-parent\" data-id=\"6d75c46\" data-element_type=\"container\" data-e-type=\"container\">\n\t\t\t\t\t<div class=\"e-con-inner\">\n\t\t<div class=\"elementor-element elementor-element-7b6c730 e-con-full e-flex e-con e-child\" data-id=\"7b6c730\" data-element_type=\"container\" data-e-type=\"container\">\n\t\t<div class=\"elementor-element elementor-element-1d6195a e-con-full e-flex e-con e-child\" data-id=\"1d6195a\" data-element_type=\"container\" data-e-type=\"container\">\n\t\t\t\t<div class=\"elementor-element elementor-element-e860327 elementor-invisible elementor-widget elementor-widget-heading\" data-id=\"e860327\" data-element_type=\"widget\" data-e-type=\"widget\" data-settings=\"{&quot;_animation&quot;:&quot;fadeIn&quot;}\" data-widget_type=\"heading.default\">\n\t\t\t\t\t<h2 class=\"elementor-heading-title elementor-size-default\">White Label Gummies Product Range<\/h2>\t\t\t\t<\/div>\n\t\t\t\t<\/div>\n\t\t<div class=\"elementor-element elementor-element-05d7d37 e-con-full e-flex elementor-invisible e-con e-child\" data-id=\"05d7d37\" data-element_type=\"container\" data-e-type=\"container\" data-settings=\"{&quot;animation&quot;:&quot;slideInUp&quot;}\">\n\t\t<div class=\"elementor-element elementor-element-70b18d4 e-con-full e-flex e-con e-child\" data-id=\"70b18d4\" data-element_type=\"container\" data-e-type=\"container\">\n\t\t\t\t<div class=\"elementor-element elementor-element-712521e elementor-widget elementor-widget-heading\" data-id=\"712521e\" data-element_type=\"widget\" data-e-type=\"widget\" data-widget_type=\"heading.default\">\n\t\t\t\t\t<h2 class=\"elementor-heading-title elementor-size-default\">Blask Urody<\/h2>\t\t\t\t<\/div>\n\t\t\t\t<div class=\"elementor-element elementor-element-5bd208b elementor-widget elementor-widget-text-editor\" data-id=\"5bd208b\" data-element_type=\"widget\" data-e-type=\"widget\" data-widget_type=\"text-editor.default\">\n\t\t\t\t\t\t\t\t\t<p data-path-to-node=\"6,0,1,0,0\">Wsparcie sk\u00f3ry, w\u0142os\u00f3w i paznokci<\/p><ul><li><p data-path-to-node=\"6,0,1,1,0\">Smak: Malinowy<\/p><\/li><li><p data-path-to-node=\"6,0,1,2,0\">Kolor: R\u00f3\u017cowy<\/p><\/li><\/ul>\t\t\t\t\t\t\t\t<\/div>\n\t\t\t\t<\/div>\n\t\t<div class=\"elementor-element elementor-element-ac5b476 e-con-full e-flex e-con e-child\" data-id=\"ac5b476\" data-element_type=\"container\" data-e-type=\"container\">\n\t\t\t\t<div class=\"elementor-element elementor-element-aeb00a4 elementor-widget elementor-widget-heading\" data-id=\"aeb00a4\" data-element_type=\"widget\" data-e-type=\"widget\" data-widget_type=\"heading.default\">\n\t\t\t\t\t<h2 class=\"elementor-heading-title elementor-size-default\">Libido Ona<\/h2>\t\t\t\t<\/div>\n\t\t\t\t<div class=\"elementor-element elementor-element-8b5ffeb elementor-widget elementor-widget-text-editor\" data-id=\"8b5ffeb\" data-element_type=\"widget\" data-e-type=\"widget\" data-widget_type=\"text-editor.default\">\n\t\t\t\t\t\t\t\t\t<p data-path-to-node=\"6,2,1,0,0\">Wsparcie witalno\u015bci kobiet<\/p><ul><li><p data-path-to-node=\"6,2,1,1,0\">Smak: Wi\u015bnia<\/p><\/li><li><p data-path-to-node=\"6,2,1,2,0\">Kolory: Br\u0105zowy, naturalne reishi<\/p><\/li><\/ul>\t\t\t\t\t\t\t\t<\/div>\n\t\t\t\t<\/div>\n\t\t<div class=\"elementor-element elementor-element-7fb71a4 e-con-full e-flex e-con e-child\" data-id=\"7fb71a4\" data-element_type=\"container\" data-e-type=\"container\">\n\t\t\t\t<div class=\"elementor-element elementor-element-b9cf927 elementor-widget elementor-widget-heading\" data-id=\"b9cf927\" data-element_type=\"widget\" data-e-type=\"widget\" data-widget_type=\"heading.default\">\n\t\t\t\t\t<h2 class=\"elementor-heading-title elementor-size-default\">Multiwitamina Dzieci<\/h2>\t\t\t\t<\/div>\n\t\t\t\t<div class=\"elementor-element elementor-element-2a0a77d elementor-widget elementor-widget-text-editor\" data-id=\"2a0a77d\" data-element_type=\"widget\" data-e-type=\"widget\" data-widget_type=\"text-editor.default\">\n\t\t\t\t\t\t\t\t\t<p data-path-to-node=\"6,4,1,0,0\">Dzienna dawka sk\u0142adnik\u00f3w od\u017cywczych<\/p><ul><li><p data-path-to-node=\"6,4,1,1,0\">Smaki: Pomara\u0144cza, Cytryna<\/p><\/li><li><p data-path-to-node=\"6,4,1,2,0\">Kolory: Br\u0105zowy, naturalne reishi<\/p><\/li><\/ul>\t\t\t\t\t\t\t\t<\/div>\n\t\t\t\t<\/div>\n\t\t\t\t<\/div>\n\t\t<div class=\"elementor-element elementor-element-040554f e-con-full e-flex elementor-invisible e-con e-child\" data-id=\"040554f\" data-element_type=\"container\" data-e-type=\"container\" data-settings=\"{&quot;animation&quot;:&quot;slideInUp&quot;}\">\n\t\t<div class=\"elementor-element elementor-element-e20f800 e-con-full e-flex e-con e-child\" data-id=\"e20f800\" data-element_type=\"container\" data-e-type=\"container\">\n\t\t\t\t<div class=\"elementor-element elementor-element-43cadec elementor-widget elementor-widget-heading\" data-id=\"43cadec\" data-element_type=\"widget\" data-e-type=\"widget\" data-widget_type=\"heading.default\">\n\t\t\t\t\t<h2 class=\"elementor-heading-title elementor-size-default\">ADEK<\/h2>\t\t\t\t<\/div>\n\t\t\t\t<div class=\"elementor-element elementor-element-0d6e9e9 elementor-widget elementor-widget-text-editor\" data-id=\"0d6e9e9\" data-element_type=\"widget\" data-e-type=\"widget\" data-widget_type=\"text-editor.default\">\n\t\t\t\t\t\t\t\t\t<p data-path-to-node=\"6,1,1,0,0\">Wspiera skupienie i koncentracje<\/p><ul><li><p data-path-to-node=\"6,1,1,1,0\">Smak: Cappuccino<\/p><\/li><li><p data-path-to-node=\"6,1,1,2,0\">Kolor: Z\u0142oty<\/p><\/li><\/ul>\t\t\t\t\t\t\t\t<\/div>\n\t\t\t\t<\/div>\n\t\t<div class=\"elementor-element elementor-element-85f5f27 e-con-full e-flex e-con e-child\" data-id=\"85f5f27\" data-element_type=\"container\" data-e-type=\"container\">\n\t\t\t\t<div class=\"elementor-element elementor-element-49f7cb0 elementor-widget elementor-widget-heading\" data-id=\"49f7cb0\" data-element_type=\"widget\" data-e-type=\"widget\" data-widget_type=\"heading.default\">\n\t\t\t\t\t<h2 class=\"elementor-heading-title elementor-size-default\">Libido On<\/h2>\t\t\t\t<\/div>\n\t\t\t\t<div class=\"elementor-element elementor-element-76b8845 elementor-widget elementor-widget-text-editor\" data-id=\"76b8845\" data-element_type=\"widget\" data-e-type=\"widget\" data-widget_type=\"text-editor.default\">\n\t\t\t\t\t\t\t\t\t<p data-path-to-node=\"6,3,1,0,0\">Wsparcie m\u0119skiej sprawno\u015bci<\/p><ul><li><p data-path-to-node=\"6,3,1,1,0\">Smak: Je\u017cynowy<\/p><\/li><li><p data-path-to-node=\"6,3,1,2,0\">Kolor: Naturalny Br\u0105zowy<\/p><\/li><\/ul>\t\t\t\t\t\t\t\t<\/div>\n\t\t\t\t<\/div>\n\t\t<div class=\"elementor-element elementor-element-bfc376f e-con-full e-flex e-con e-child\" data-id=\"bfc376f\" data-element_type=\"container\" data-e-type=\"container\">\n\t\t\t\t<div class=\"elementor-element elementor-element-4cfa3ff elementor-widget elementor-widget-heading\" data-id=\"4cfa3ff\" data-element_type=\"widget\" data-e-type=\"widget\" data-widget_type=\"heading.default\">\n\t\t\t\t\t<h2 class=\"elementor-heading-title elementor-size-default\">Sen<\/h2>\t\t\t\t<\/div>\n\t\t\t\t<div class=\"elementor-element elementor-element-3b463b5 elementor-widget elementor-widget-text-editor\" data-id=\"3b463b5\" data-element_type=\"widget\" data-e-type=\"widget\" data-widget_type=\"text-editor.default\">\n\t\t\t\t\t\t\t\t\t<p data-path-to-node=\"6,5,1,0,0\">Relaxation &amp; sleep support<\/p><ul><li><p data-path-to-node=\"6,5,1,1,0\">Smak: Jagodowy<\/p><\/li><li><p data-path-to-node=\"6,5,1,2,0\">Kolor: Fioletowy<\/p><\/li><\/ul>\t\t\t\t\t\t\t\t<\/div>\n\t\t\t\t<\/div>\n\t\t\t\t<\/div>\n\t\t\t\t<\/div>\n\t\t\t\t\t<\/div>\n\t\t\t\t<\/div>\n\t\t<div class=\"elementor-element elementor-element-4b79208 e-flex e-con-boxed e-con e-parent\" data-id=\"4b79208\" data-element_type=\"container\" data-e-type=\"container\">\n\t\t\t\t\t<div class=\"e-con-inner\">\n\t\t<div class=\"elementor-element elementor-element-fff02b2 e-con-full e-flex e-con e-child\" data-id=\"fff02b2\" data-element_type=\"container\" data-e-type=\"container\">\n\t\t<div class=\"elementor-element elementor-element-cdb2661 e-con-full e-flex elementor-invisible e-con e-child\" data-id=\"cdb2661\" data-element_type=\"container\" data-e-type=\"container\" data-settings=\"{&quot;animation&quot;:&quot;fadeIn&quot;}\">\n\t\t<div class=\"elementor-element elementor-element-5781f86 e-con-full elementor-hidden-desktop elementor-hidden-tablet e-flex e-con e-child\" data-id=\"5781f86\" data-element_type=\"container\" data-e-type=\"container\">\n\t\t<div class=\"elementor-element elementor-element-8d3cfc6 e-con-full e-flex e-con e-child\" data-id=\"8d3cfc6\" data-element_type=\"container\" data-e-type=\"container\">\n\t\t\t\t<div class=\"elementor-element elementor-element-ae4016f elementor-widget elementor-widget-heading\" data-id=\"ae4016f\" data-element_type=\"widget\" data-e-type=\"widget\" data-widget_type=\"heading.default\">\n\t\t\t\t\t<h2 class=\"elementor-heading-title elementor-size-default\"><strong style=\"font-size: 48px\">Pojedynczy sk\u0142adnik White Label<\/strong><\/h2>\t\t\t\t<\/div>\n\t\t\t\t<\/div>\n\t\t\t\t<\/div>\n\t\t<div class=\"elementor-element elementor-element-53d316e e-con-full e-flex elementor-invisible e-con e-child\" data-id=\"53d316e\" data-element_type=\"container\" data-e-type=\"container\" data-settings=\"{&quot;animation&quot;:&quot;slideInUp&quot;}\">\n\t\t<div class=\"elementor-element elementor-element-da39910 e-con-full e-flex e-con e-child\" data-id=\"da39910\" data-element_type=\"container\" data-e-type=\"container\">\n\t\t\t\t<div class=\"elementor-element elementor-element-ef9c8db elementor-widget elementor-widget-heading\" data-id=\"ef9c8db\" data-element_type=\"widget\" data-e-type=\"widget\" data-widget_type=\"heading.default\">\n\t\t\t\t\t<h2 class=\"elementor-heading-title elementor-size-default\">Kolagen<\/h2>\t\t\t\t<\/div>\n\t\t\t\t<div class=\"elementor-element elementor-element-593c8b7 elementor-widget elementor-widget-text-editor\" data-id=\"593c8b7\" data-element_type=\"widget\" data-e-type=\"widget\" data-widget_type=\"text-editor.default\">\n\t\t\t\t\t\t\t\t\t<p data-path-to-node=\"6,0,1,0,0\"><span class=\"a_GcMg font-feature-liga-off font-feature-clig-off font-feature-calt-off text-decoration-none text-strikethrough-none\">Sk\u00f3ra, w\u0142osy i paznokcie, stawy<\/span> <span class=\"a_GcMg font-feature-liga-off font-feature-clig-off font-feature-calt-off text-decoration-none text-strikethrough-none\">joints<\/span><\/p><ul><li><span class=\"a_GcMg font-feature-liga-off font-feature-clig-off font-feature-calt-off text-decoration-none text-strikethrough-none\">Smak: Pomara\u0144cza<\/span><\/li><li><span class=\"a_GcMg font-feature-liga-off font-feature-clig-off font-feature-calt-off text-decoration-none text-strikethrough-none\">Kolor<\/span> <span class=\"a_GcMg font-feature-liga-off font-feature-clig-off font-feature-calt-off text-decoration-none text-strikethrough-none\">Pomara\u0144czowy<\/span><\/li><\/ul>\t\t\t\t\t\t\t\t<\/div>\n\t\t\t\t<\/div>\n\t\t<div class=\"elementor-element elementor-element-62a8900 e-con-full e-flex e-con e-child\" data-id=\"62a8900\" data-element_type=\"container\" data-e-type=\"container\">\n\t\t\t\t<div class=\"elementor-element elementor-element-08d525f elementor-widget elementor-widget-heading\" data-id=\"08d525f\" data-element_type=\"widget\" data-e-type=\"widget\" data-widget_type=\"heading.default\">\n\t\t\t\t\t<h2 class=\"elementor-heading-title elementor-size-default\">Witamina D3 K2-MK7<\/h2>\t\t\t\t<\/div>\n\t\t\t\t<div class=\"elementor-element elementor-element-9f1ce1d elementor-widget elementor-widget-text-editor\" data-id=\"9f1ce1d\" data-element_type=\"widget\" data-e-type=\"widget\" data-widget_type=\"text-editor.default\">\n\t\t\t\t\t\t\t\t\t<p data-path-to-node=\"6,2,1,0,0\"><span class=\"a_GcMg font-feature-liga-off font-feature-clig-off font-feature-calt-off text-decoration-none text-strikethrough-none\">Wsparcie ko\u015bci i odporno\u015bci<\/span><\/p><ul><li class=\"cvGsUA direction-ltr align-start para-style-body\"><span class=\"a_GcMg font-feature-liga-off font-feature-clig-off font-feature-calt-off text-decoration-none text-strikethrough-none\">Smak: Wi\u015bnia<\/span><\/li><li class=\"cvGsUA direction-ltr align-start para-style-body\"><span class=\"a_GcMg font-feature-liga-off font-feature-clig-off font-feature-calt-off text-decoration-none text-strikethrough-none\">Kolor<\/span> <span class=\"a_GcMg font-feature-liga-off font-feature-clig-off font-feature-calt-off text-decoration-none text-strikethrough-none\">Czerwony<\/span><\/li><\/ul>\t\t\t\t\t\t\t\t<\/div>\n\t\t\t\t<\/div>\n\t\t<div class=\"elementor-element elementor-element-0f78b30 e-con-full e-flex e-con e-child\" data-id=\"0f78b30\" data-element_type=\"container\" data-e-type=\"container\">\n\t\t\t\t<div class=\"elementor-element elementor-element-1dd0796 elementor-widget elementor-widget-heading\" data-id=\"1dd0796\" data-element_type=\"widget\" data-e-type=\"widget\" data-widget_type=\"heading.default\">\n\t\t\t\t\t<h2 class=\"elementor-heading-title elementor-size-default\">Magnez<\/h2>\t\t\t\t<\/div>\n\t\t\t\t<div class=\"elementor-element elementor-element-77e3f8b elementor-widget elementor-widget-text-editor\" data-id=\"77e3f8b\" data-element_type=\"widget\" data-e-type=\"widget\" data-widget_type=\"text-editor.default\">\n\t\t\t\t\t\t\t\t\t<p data-path-to-node=\"6,4,1,0,0\">Dzienna dawka sk\u0142adnik\u00f3w od\u017cywczych<\/p><ul><li data-path-to-node=\"6,4,1,1,0\">Smaki: Pomara\u0144cza, Cytryna<\/li><li data-path-to-node=\"6,4,1,1,0\">Kolory: Br\u0105zowy, naturalne reishi<\/li><\/ul>\t\t\t\t\t\t\t\t<\/div>\n\t\t\t\t<\/div>\n\t\t\t\t<\/div>\n\t\t<div class=\"elementor-element elementor-element-f4321c4 e-con-full e-flex elementor-invisible e-con e-child\" data-id=\"f4321c4\" data-element_type=\"container\" data-e-type=\"container\" data-settings=\"{&quot;animation&quot;:&quot;slideInUp&quot;}\">\n\t\t<div class=\"elementor-element elementor-element-a523474 e-con-full e-flex e-con e-child\" data-id=\"a523474\" data-element_type=\"container\" data-e-type=\"container\">\n\t\t\t\t<div class=\"elementor-element elementor-element-b6b9e60 elementor-widget elementor-widget-heading\" data-id=\"b6b9e60\" data-element_type=\"widget\" data-e-type=\"widget\" data-widget_type=\"heading.default\">\n\t\t\t\t\t<h2 class=\"elementor-heading-title elementor-size-default\">Kreatyna<\/h2>\t\t\t\t<\/div>\n\t\t\t\t<div class=\"elementor-element elementor-element-701af53 elementor-widget elementor-widget-text-editor\" data-id=\"701af53\" data-element_type=\"widget\" data-e-type=\"widget\" data-widget_type=\"text-editor.default\">\n\t\t\t\t\t\t\t\t\t<p data-path-to-node=\"6,1,1,0,0\"><span class=\"a_GcMg font-feature-liga-off font-feature-clig-off font-feature-calt-off text-decoration-none text-strikethrough-none\">Wydajno\u015b\u0107 i si\u0142a<\/span><\/p><ul><li class=\"cvGsUA direction-ltr align-start para-style-body\"><span class=\"a_GcMg font-feature-liga-off font-feature-clig-off font-feature-calt-off text-decoration-none text-strikethrough-none\">Smak: Cytryna<\/span><\/li><li class=\"cvGsUA direction-ltr align-start para-style-body\"><span class=\"a_GcMg font-feature-liga-off font-feature-clig-off font-feature-calt-off text-decoration-none text-strikethrough-none\">Kolor<\/span> <span class=\"a_GcMg font-feature-liga-off font-feature-clig-off font-feature-calt-off text-decoration-none text-strikethrough-none\">Z\u0142ocisty \u017c\u00f3\u0142ty<\/span><\/li><\/ul>\t\t\t\t\t\t\t\t<\/div>\n\t\t\t\t<\/div>\n\t\t<div class=\"elementor-element elementor-element-350ef0c e-con-full e-flex e-con e-child\" data-id=\"350ef0c\" data-element_type=\"container\" data-e-type=\"container\">\n\t\t\t\t<div class=\"elementor-element elementor-element-a5b1b33 elementor-widget elementor-widget-heading\" data-id=\"a5b1b33\" data-element_type=\"widget\" data-e-type=\"widget\" data-widget_type=\"heading.default\">\n\t\t\t\t\t<h2 class=\"elementor-heading-title elementor-size-default\">Cynk<\/h2>\t\t\t\t<\/div>\n\t\t\t\t<div class=\"elementor-element elementor-element-4c7145d elementor-widget elementor-widget-text-editor\" data-id=\"4c7145d\" data-element_type=\"widget\" data-e-type=\"widget\" data-widget_type=\"text-editor.default\">\n\t\t\t\t\t\t\t\t\t<p data-path-to-node=\"6,3,1,0,0\"><span class=\"a_GcMg font-feature-liga-off font-feature-clig-off font-feature-calt-off text-decoration-none text-strikethrough-none\">Relaksacja i mi\u0119\u015bnie<\/span><\/p><ul><li class=\"cvGsUA direction-ltr align-start para-style-body\"><span class=\"a_GcMg font-feature-liga-off font-feature-clig-off font-feature-calt-off text-decoration-none text-strikethrough-none\">Smaki: Pomara\u0144cza, Cytryna<\/span><\/li><li class=\"cvGsUA direction-ltr align-start para-style-body\"><span class=\"a_GcMg font-feature-liga-off font-feature-clig-off font-feature-calt-off text-decoration-none text-strikethrough-none\">Kolor<\/span> <span class=\"a_GcMg font-feature-liga-off font-feature-clig-off font-feature-calt-off text-decoration-none text-strikethrough-none\">Br\u0105zowy, naturalne reishi<\/span><\/li><\/ul>\t\t\t\t\t\t\t\t<\/div>\n\t\t\t\t<\/div>\n\t\t<div class=\"elementor-element elementor-element-1161904 e-con-full e-flex e-con e-child\" data-id=\"1161904\" data-element_type=\"container\" data-e-type=\"container\">\n\t\t\t\t<div class=\"elementor-element elementor-element-8010428 elementor-widget elementor-widget-heading\" data-id=\"8010428\" data-element_type=\"widget\" data-e-type=\"widget\" data-widget_type=\"heading.default\">\n\t\t\t\t\t<h2 class=\"elementor-heading-title elementor-size-default\">Witamina C<\/h2>\t\t\t\t<\/div>\n\t\t\t\t<div class=\"elementor-element elementor-element-10baf0b elementor-widget elementor-widget-text-editor\" data-id=\"10baf0b\" data-element_type=\"widget\" data-e-type=\"widget\" data-widget_type=\"text-editor.default\">\n\t\t\t\t\t\t\t\t\t<p data-path-to-node=\"6,5,1,0,0\"><span class=\"a_GcMg font-feature-liga-off font-feature-clig-off font-feature-calt-off text-decoration-none text-strikethrough-none\">Odporno\u015b\u0107<\/span><\/p><ul><li class=\"cvGsUA direction-ltr align-start para-style-body\"><span class=\"a_GcMg font-feature-liga-off font-feature-clig-off font-feature-calt-off text-decoration-none text-strikethrough-none\">Smak: Jagodowy<\/span><\/li><li class=\"cvGsUA direction-ltr align-start para-style-body\"><span class=\"a_GcMg font-feature-liga-off font-feature-clig-off font-feature-calt-off text-decoration-none text-strikethrough-none\">Kolor<\/span> <span class=\"a_GcMg font-feature-liga-off font-feature-clig-off font-feature-calt-off text-decoration-none text-strikethrough-none\">Fioletowy<\/span><\/li><\/ul>\t\t\t\t\t\t\t\t<\/div>\n\t\t\t\t<\/div>\n\t\t\t\t<\/div>\n\t\t\t\t<\/div>\n\t\t\t\t<\/div>\n\t\t<div class=\"elementor-element elementor-element-b361580 e-con-full elementor-hidden-mobile e-flex e-con e-child\" data-id=\"b361580\" data-element_type=\"container\" data-e-type=\"container\">\n\t\t<div class=\"elementor-element elementor-element-8793db6 e-con-full e-flex elementor-invisible e-con e-child\" data-id=\"8793db6\" data-element_type=\"container\" data-e-type=\"container\" data-settings=\"{&quot;animation&quot;:&quot;fadeIn&quot;}\">\n\t\t\t\t<div class=\"elementor-element elementor-element-b575e9e elementor-widget elementor-widget-heading\" data-id=\"b575e9e\" data-element_type=\"widget\" data-e-type=\"widget\" data-widget_type=\"heading.default\">\n\t\t\t\t\t<h2 class=\"elementor-heading-title elementor-size-default\"><strong style=\"font-size: 48px\">Pojedynczy sk\u0142adnik White Label<\/strong><\/h2>\t\t\t\t<\/div>\n\t\t\t\t<\/div>\n\t\t\t\t<\/div>\n\t\t\t\t\t<\/div>\n\t\t\t\t<\/div>\n\t\t<div class=\"elementor-element elementor-element-3136db6 e-flex e-con-boxed e-con e-parent\" data-id=\"3136db6\" data-element_type=\"container\" data-e-type=\"container\">\n\t\t\t\t\t<div class=\"e-con-inner\">\n\t\t<div class=\"elementor-element elementor-element-385e15f e-con-full e-flex e-con e-child\" data-id=\"385e15f\" data-element_type=\"container\" data-e-type=\"container\">\n\t\t\t\t<div class=\"elementor-element elementor-element-ed7ff4e elementor-widget elementor-widget-heading\" data-id=\"ed7ff4e\" data-element_type=\"widget\" data-e-type=\"widget\" data-widget_type=\"heading.default\">\n\t\t\t\t\t<h2 class=\"elementor-heading-title elementor-size-default\"><span style=\"font-family: avenirnext, sans-serif;font-size: 15px;font-style: normal;font-weight: 600;text-align: center\">Wszystkie \u017celki: kszta\u0142t kopu\u0142ki 3 g | W pe\u0142ni wega\u0144skie (pektynowe) | S\u0142odzone maltitolem i sorbitolem<\/span><span style=\"font-family: avenirnext, sans-serif;font-size: 15px;font-style: normal;font-weight: 600;text-align: center\"><\/span><\/h2>\t\t\t\t<\/div>\n\t\t\t\t<\/div>\n\t\t\t\t\t<\/div>\n\t\t\t\t<\/div>\n\t\t<div class=\"elementor-element elementor-element-3c6cb5b e-flex e-con-boxed e-con e-parent\" data-id=\"3c6cb5b\" data-element_type=\"container\" data-e-type=\"container\">\n\t\t\t\t\t<div class=\"e-con-inner\">\n\t\t\t\t<div class=\"elementor-element elementor-element-eacace8 elementor-widget elementor-widget-spacer\" data-id=\"eacace8\" data-element_type=\"widget\" data-e-type=\"widget\" data-widget_type=\"spacer.default\">\n\t\t\t\t\t\t\t<div class=\"elementor-spacer\">\n\t\t\t<div class=\"elementor-spacer-inner\"><\/div>\n\t\t<\/div>\n\t\t\t\t\t\t<\/div>\n\t\t\t\t\t<\/div>\n\t\t\t\t<\/div>\n\t\t\t\t<\/div>","protected":false},"excerpt":{"rendered":"<p>WHITE LABEL Start quickly with proven, ready-to-use formulas across key categories such as beauty, kids, and wellness. This is the fastest way to bring a product to market without the need for R&amp;D or complex development. We handle the formulation, production, and quality control, so you can focus on building your brand and selling your [&hellip;]<\/p>\n","protected":false},"author":1,"featured_media":0,"parent":0,"menu_order":0,"comment_status":"closed","ping_status":"closed","template":"elementor_header_footer","meta":{"footnotes":""},"class_list":["post-620","page","type-page","status-publish","hentry","entry"],"_links":{"self":[{"href":"https:\/\/pharmaevolution.eu\/pl\/wp-json\/wp\/v2\/pages\/620","targetHints":{"allow":["GET"]}}],"collection":[{"href":"https:\/\/pharmaevolution.eu\/pl\/wp-json\/wp\/v2\/pages"}],"about":[{"href":"https:\/\/pharmaevolution.eu\/pl\/wp-json\/wp\/v2\/types\/page"}],"author":[{"embeddable":true,"href":"https:\/\/pharmaevolution.eu\/pl\/wp-json\/wp\/v2\/users\/1"}],"replies":[{"embeddable":true,"href":"https:\/\/pharmaevolution.eu\/pl\/wp-json\/wp\/v2\/comments?post=620"}],"version-history":[{"count":23,"href":"https:\/\/pharmaevolution.eu\/pl\/wp-json\/wp\/v2\/pages\/620\/revisions"}],"predecessor-version":[{"id":745,"href":"https:\/\/pharmaevolution.eu\/pl\/wp-json\/wp\/v2\/pages\/620\/revisions\/745"}],"wp:attachment":[{"href":"https:\/\/pharmaevolution.eu\/pl\/wp-json\/wp\/v2\/media?parent=620"}],"curies":[{"name":"wp","href":"https:\/\/api.w.org\/{rel}","templated":true}]}}