{"id":625,"date":"2026-04-13T20:22:19","date_gmt":"2026-04-13T18:22:19","guid":{"rendered":"https:\/\/pharmaevolution.eu\/?page_id=625"},"modified":"2026-04-28T15:09:39","modified_gmt":"2026-04-28T13:09:39","slug":"custom","status":"publish","type":"page","link":"https:\/\/pharmaevolution.eu\/pl\/custom\/","title":{"rendered":"Custom"},"content":{"rendered":"<div data-elementor-type=\"wp-page\" data-elementor-id=\"625\" class=\"elementor elementor-625\">\n\t\t\t\t<div class=\"elementor-element elementor-element-a4ea23b e-flex e-con-boxed e-con e-parent\" data-id=\"a4ea23b\" data-element_type=\"container\" data-e-type=\"container\">\n\t\t\t\t\t<div class=\"e-con-inner\">\n\t\t\t\t<div class=\"elementor-element elementor-element-9f715c6 elementor-widget elementor-widget-spacer\" data-id=\"9f715c6\" data-element_type=\"widget\" data-e-type=\"widget\" data-widget_type=\"spacer.default\">\n\t\t\t\t\t\t\t<div class=\"elementor-spacer\">\n\t\t\t<div class=\"elementor-spacer-inner\"><\/div>\n\t\t<\/div>\n\t\t\t\t\t\t<\/div>\n\t\t\t\t\t<\/div>\n\t\t\t\t<\/div>\n\t\t<div class=\"elementor-element elementor-element-e1040d1 e-flex e-con-boxed elementor-invisible e-con e-parent\" data-id=\"e1040d1\" data-element_type=\"container\" data-e-type=\"container\" data-settings=\"{&quot;animation&quot;:&quot;fadeIn&quot;}\">\n\t\t\t\t\t<div class=\"e-con-inner\">\n\t\t\t\t<div class=\"elementor-element elementor-element-966ed18 elementor-widget elementor-widget-heading\" data-id=\"966ed18\" data-element_type=\"widget\" data-e-type=\"widget\" data-widget_type=\"heading.default\">\n\t\t\t\t\t<h2 class=\"elementor-heading-title elementor-size-default\">PERSONALIZOWANY<\/h2>\t\t\t\t<\/div>\n\t\t\t\t<div class=\"elementor-element elementor-element-872a7a3 elementor-widget elementor-widget-text-editor\" data-id=\"872a7a3\" data-element_type=\"widget\" data-e-type=\"widget\" data-widget_type=\"text-editor.default\">\n\t\t\t\t\t\t\t\t\t<p>Dla marek chc\u0105cych stworzy\u0107 co\u015b wyj\u0105tkowego oferujemy pe\u0142ne wsparcie badawczo-rozwojowe (R&amp;D). Wsp\u00f3\u0142pracujemy z Tob\u0105 przy opracowywaniu niestandardowej receptury \u2013 od wyboru sk\u0142adnik\u00f3w po testy i walidacj\u0119 \u2013 dbaj\u0105c o to, aby produkt sprawdza\u0142 si\u0119 zar\u00f3wno pod k\u0105tem technicznym, jak i komercyjnym. Takie podej\u015bcie daje Ci pe\u0142n\u0105 kontrol\u0119 nad produktem ko\u0144cowym, zapewniaj\u0105c ustrukturyzowany i merytoryczny proces rozwoju.<\/p>\t\t\t\t\t\t\t\t<\/div>\n\t\t\t\t\t<\/div>\n\t\t\t\t<\/div>\n\t\t<div class=\"elementor-element elementor-element-00f3150 e-flex e-con-boxed e-con e-parent\" data-id=\"00f3150\" data-element_type=\"container\" data-e-type=\"container\">\n\t\t\t\t\t<div class=\"e-con-inner\">\n\t\t\t\t<div class=\"elementor-element elementor-element-ff3a8b5 elementor-widget elementor-widget-spacer\" data-id=\"ff3a8b5\" data-element_type=\"widget\" data-e-type=\"widget\" data-widget_type=\"spacer.default\">\n\t\t\t\t\t\t\t<div class=\"elementor-spacer\">\n\t\t\t<div class=\"elementor-spacer-inner\"><\/div>\n\t\t<\/div>\n\t\t\t\t\t\t<\/div>\n\t\t\t\t\t<\/div>\n\t\t\t\t<\/div>\n\t\t<div class=\"elementor-element elementor-element-d4015fe e-flex e-con-boxed e-con e-parent\" data-id=\"d4015fe\" data-element_type=\"container\" data-e-type=\"container\">\n\t\t\t\t\t<div class=\"e-con-inner\">\n\t\t<div class=\"elementor-element elementor-element-ddec9c4 e-con-full e-flex elementor-invisible e-con e-child\" data-id=\"ddec9c4\" data-element_type=\"container\" data-e-type=\"container\" data-settings=\"{&quot;animation&quot;:&quot;fadeIn&quot;}\">\n\t\t\t\t<div class=\"elementor-element elementor-element-c6575a8 elementor-widget elementor-widget-heading\" data-id=\"c6575a8\" data-element_type=\"widget\" data-e-type=\"widget\" data-widget_type=\"heading.default\">\n\t\t\t\t\t<h2 class=\"elementor-heading-title elementor-size-default\"><span class=\"a_GcMg font-feature-liga-off font-feature-clig-off font-feature-calt-off text-decoration-none text-strikethrough-none\" style=\"--Ys-XuQ: none;font-weight: 400;font-style: normal\">Rozw\u00f3j niestandardowy<\/span><\/h2>\t\t\t\t<\/div>\n\t\t\t\t<div class=\"elementor-element elementor-element-ae64e04 elementor-widget elementor-widget-heading\" data-id=\"ae64e04\" data-element_type=\"widget\" data-e-type=\"widget\" data-widget_type=\"heading.default\">\n\t\t\t\t\t<h2 class=\"elementor-heading-title elementor-size-default\"><span class=\"a_GcMg font-feature-liga-off font-feature-clig-off font-feature-calt-off text-decoration-none text-strikethrough-none\" style=\"--Ys-XuQ: none;font-weight: 500;font-style: normal\">Zbudowane wok\u00f3\u0142 Twojej marki i wizji<\/span><\/h2>\t\t\t\t<\/div>\n\t\t\t\t<div class=\"elementor-element elementor-element-1011e0a elementor-widget elementor-widget-text-editor\" data-id=\"1011e0a\" data-element_type=\"widget\" data-e-type=\"widget\" data-widget_type=\"text-editor.default\">\n\t\t\t\t\t\t\t\t\t<p><span class=\"a_GcMg font-feature-liga-off font-feature-clig-off font-feature-calt-off text-decoration-none text-strikethrough-none\" style=\"color: rgba(30,30,30,var(--O42jJQ,1)); caret-color: rgb(30, 30, 30); --Ys-XuQ: none; font-weight: 400; font-style: normal; font-kerning: none;\">Zajmujemy si\u0119 opracowaniem receptury, testami i produkcj\u0105, dostarczaj\u0105c w pe\u0142ni spersonalizowane rozwi\u0105zanie gotowe do wprowadzenia na rynek.<\/span><\/p>\t\t\t\t\t\t\t\t<\/div>\n\t\t\t\t<div class=\"elementor-element elementor-element-249caf7 elementor-widget elementor-widget-text-editor\" data-id=\"249caf7\" data-element_type=\"widget\" data-e-type=\"widget\" data-widget_type=\"text-editor.default\">\n\t\t\t\t\t\t\t\t\t<p><span class=\"a_GcMg font-feature-liga-off font-feature-clig-off font-feature-calt-off text-decoration-none text-strikethrough-none\" style=\"color: rgba(0,0,0,var(--O42jJQ,1)); caret-color: rgb(0, 0, 0); --Ys-XuQ: none; font-weight: 400; font-style: normal; font-kerning: normal;\">MOQ: 600 kg | Twoja receptura | Czas realizacji: 8\u201312 tygodni<\/span><\/p>\t\t\t\t\t\t\t\t<\/div>\n\t\t\t\t<\/div>\n\t\t<div class=\"elementor-element elementor-element-e1fc97d e-con-full e-flex elementor-invisible e-con e-child\" data-id=\"e1fc97d\" data-element_type=\"container\" data-e-type=\"container\" data-settings=\"{&quot;animation&quot;:&quot;slideInUp&quot;}\">\n\t\t<div class=\"elementor-element elementor-element-50491b9 e-con-full e-flex e-con e-child\" data-id=\"50491b9\" data-element_type=\"container\" data-e-type=\"container\">\n\t\t\t\t<div class=\"elementor-element elementor-element-a53d509 elementor-widget elementor-widget-heading\" data-id=\"a53d509\" data-element_type=\"widget\" data-e-type=\"widget\" data-widget_type=\"heading.default\">\n\t\t\t\t\t<h2 class=\"elementor-heading-title elementor-size-default\">Badania, rozw\u00f3j i testy<\/h2>\t\t\t\t<\/div>\n\t\t\t\t<\/div>\n\t\t<div class=\"elementor-element elementor-element-e6ab752 e-con-full e-flex e-con e-child\" data-id=\"e6ab752\" data-element_type=\"container\" data-e-type=\"container\">\n\t\t\t\t<div class=\"elementor-element elementor-element-531a9c1 elementor-widget elementor-widget-heading\" data-id=\"531a9c1\" data-element_type=\"widget\" data-e-type=\"widget\" data-widget_type=\"heading.default\">\n\t\t\t\t\t<h2 class=\"elementor-heading-title elementor-size-default\">Rozw\u00f3j produktu<\/h2>\t\t\t\t<\/div>\n\t\t\t\t<\/div>\n\t\t<div class=\"elementor-element elementor-element-39a8efa e-con-full e-flex e-con e-child\" data-id=\"39a8efa\" data-element_type=\"container\" data-e-type=\"container\">\n\t\t\t\t<div class=\"elementor-element elementor-element-086b7c4 elementor-widget elementor-widget-heading\" data-id=\"086b7c4\" data-element_type=\"widget\" data-e-type=\"widget\" data-widget_type=\"heading.default\">\n\t\t\t\t\t<h2 class=\"elementor-heading-title elementor-size-default\">Pe\u0142na personalizacja<\/h2>\t\t\t\t<\/div>\n\t\t\t\t<\/div>\n\t\t\t\t<\/div>\n\t\t\t\t\t<\/div>\n\t\t\t\t<\/div>\n\t\t<div class=\"elementor-element elementor-element-9ab1c66 e-flex e-con-boxed e-con e-parent\" data-id=\"9ab1c66\" data-element_type=\"container\" data-e-type=\"container\">\n\t\t\t\t\t<div class=\"e-con-inner\">\n\t\t\t\t<div class=\"elementor-element elementor-element-7be5bf5 elementor-widget elementor-widget-spacer\" data-id=\"7be5bf5\" data-element_type=\"widget\" data-e-type=\"widget\" data-widget_type=\"spacer.default\">\n\t\t\t\t\t\t\t<div class=\"elementor-spacer\">\n\t\t\t<div class=\"elementor-spacer-inner\"><\/div>\n\t\t<\/div>\n\t\t\t\t\t\t<\/div>\n\t\t\t\t\t<\/div>\n\t\t\t\t<\/div>\n\t\t\t\t<\/div>","protected":false},"excerpt":{"rendered":"<p>CUSTOM For brands looking to create something unique, we offer full R&amp;D support. We work with you to develop a custom formulation from ingredient selection to testing and validation ensuring the product performs both technically and commercially. This approach gives you full control over the final product, with a structured and guided development process. Custom [&hellip;]<\/p>\n","protected":false},"author":1,"featured_media":0,"parent":0,"menu_order":0,"comment_status":"closed","ping_status":"closed","template":"elementor_header_footer","meta":{"footnotes":""},"class_list":["post-625","page","type-page","status-publish","hentry","entry"],"_links":{"self":[{"href":"https:\/\/pharmaevolution.eu\/pl\/wp-json\/wp\/v2\/pages\/625","targetHints":{"allow":["GET"]}}],"collection":[{"href":"https:\/\/pharmaevolution.eu\/pl\/wp-json\/wp\/v2\/pages"}],"about":[{"href":"https:\/\/pharmaevolution.eu\/pl\/wp-json\/wp\/v2\/types\/page"}],"author":[{"embeddable":true,"href":"https:\/\/pharmaevolution.eu\/pl\/wp-json\/wp\/v2\/users\/1"}],"replies":[{"embeddable":true,"href":"https:\/\/pharmaevolution.eu\/pl\/wp-json\/wp\/v2\/comments?post=625"}],"version-history":[{"count":13,"href":"https:\/\/pharmaevolution.eu\/pl\/wp-json\/wp\/v2\/pages\/625\/revisions"}],"predecessor-version":[{"id":760,"href":"https:\/\/pharmaevolution.eu\/pl\/wp-json\/wp\/v2\/pages\/625\/revisions\/760"}],"wp:attachment":[{"href":"https:\/\/pharmaevolution.eu\/pl\/wp-json\/wp\/v2\/media?parent=625"}],"curies":[{"name":"wp","href":"https:\/\/api.w.org\/{rel}","templated":true}]}}